{"id":90,"date":"2015-09-28T16:27:55","date_gmt":"2015-09-28T16:27:55","guid":{"rendered":"https:\/\/tabernaruel.com\/en\/?page_id=90"},"modified":"2019-05-27T17:39:07","modified_gmt":"2019-05-27T17:39:07","slug":"menu","status":"publish","type":"page","link":"https:\/\/tabernaruel.com\/en\/menu\/","title":{"rendered":"Menu"},"content":{"rendered":"<div class=\"container\">\n<div class=\"menu-content\">\n<div id=\"grid\">\n<div id=\"posts\">\n<div class=\"post menu-entry\">\n<div class=\"menu-entry-wrap\">\n<div class=\"text-center\">\n<h2>Soups<\/h2>\n<div class=\"h2-decoration\">&nbsp;<\/div>\n<\/div>\n<ul>\n<li>Tomato and Onion Soup with Eggs (Homemade)<\/li>\n<li>Prawn Bisque with Crouton Homemade<\/li>\n<li>Chestnut Cream with Fresh Cheese Foam (or without)<\/li>\n<li>Fish Soup (Homemade)<\/li>\n<li>Soup of the Day<\/li>\n<\/ul>\n<\/div>\n<\/div>\n<div class=\"post menu-entry\">\n<div class=\"menu-entry-wrap\">\n<div class=\"text-center\">\n<h2>Entr\u00e9e<\/h2>\n<div class=\"h2-decoration\">&nbsp;<\/div>\n<\/div>\n<ul>\n<li>Caco cake with garlic butter<\/li>\n<li>Grilled limpets<\/li>\n<li>Grilled Mussels<\/li>\n<li>Marinated Sword Carpaccio<\/li>\n<li>Vinaigrette Octopus<\/li>\n<li>Saut\u00e9ed Shrimp with Garlic and Herbs (and lemon juice)<\/li>\n<li>Prawn Salad<\/li>\n<li>Caprese Salad to \u00e0 la Taberna Ruel<\/li>\n<li>Caesar salad<\/li>\n<li>Greek Salad<\/li>\n<\/ul>\n<\/div>\n<\/div>\n<div class=\"post menu-entry\">\n<div class=\"menu-entry-wrap\">\n<div class=\"text-center\">\n<h2>Fish<\/h2>\n<div class=\"h2-decoration\">&nbsp;<\/div>\n<\/div>\n<ul>\n<li>Swordfish fillet with Banana Taberna Style (Grilled)<\/li>\n<li>Swordfish fillet with Passion Fruit Taberna Style (Grilled)<\/li>\n<li>Home-made Tuna Steak<\/li>\n<li>Braised Codfish fillet with\/or without Broa (dry, desalted and with salt content)<\/li>\n<li>Cataplana of fish and shellfish<\/li>\n<li>Grilled Mixed Fish Kebab<\/li>\n<li>Grilled Mixed Fish Kebab with 3 shrimps<\/li>\n<li>Fresh Fish of the Day (undressed) (Bodion, Grouper, Pargo, a Greater amberjack, Whiting, Others) Price: P \/ Kg<\/li>\n<li>Fresh Fish of the Day (undressed) (Grouper, Eelpout, Others Price: P \/ Kg<\/li>\n<li>Mixed Fish and Seafood (2 People)<\/li>\n<\/ul>\n<\/div>\n<\/div>\n<div class=\"post menu-entry\">\n<div class=\"menu-entry-wrap\">\n<div class=\"text-center\">\n<h2>Seafood \/ Shellfish<\/h2>\n<div class=\"h2-decoration\">&nbsp;<\/div>\n<\/div>\n<ul>\n<li>Grilled calamari<\/li>\n<li>Grilled Prawns<\/li>\n<li>Octopus Taberna Style<\/li>\n<li>Spaghetti or Seafood Rice<\/li>\n<li>Fresh Clams Taberna Style (in season)<\/li>\n<li>Oysters (Fresh taste)<\/li>\n<li>Crab (Fresh taste)<\/li>\n<li>Tiger prawns<\/li>\n<li>European lobster (Fresh taste)<\/li>\n<li>Lobster (Fresh to taste)<\/li>\n<li>Mixed Seafood \u00e0 la Taberna Ruel with Fresh Lobster<\/li>\n<\/ul>\n<\/div>\n<\/div>\n<div class=\"post menu-entry\">\n<div class=\"menu-entry-wrap\">\n<div class=\"text-center\">\n<h2>Meat<\/h2>\n<div class=\"h2-decoration\">&nbsp;<\/div>\n<\/div>\n<ul>\n<li>Grilled Chicken Steak on the Grill with Sauce<\/li>\n<li>Strogonoff from Peru with Coconut curry and Toasted Coconut<\/li>\n<li>Black Pork Fillet a Chef with Apple Puree<\/li>\n<li>Cabrito Taberna Style<\/li>\n<li>Rack of lamb Chef Style<\/li>\n<li>Regional Kebab braised on a laurel spit (Fillet)<\/li>\n<li>Braised sirloin steak<\/li>\n<li>Steak Fillet with sauces to choose from (3 sauces)<\/li>\n<li>Braised Chateaubriand with Bearnaise sauce or Others<\/li>\n<\/ul>\n<\/div>\n<\/div>\n<div class=\"post menu-entry\">\n<div class=\"menu-entry-wrap\">\n<div class=\"text-center\">\n<h2>Kids<\/h2>\n<div class=\"h2-decoration\">&nbsp;<\/div>\n<\/div>\n<ul>\n<li>Little Goat (swordfish fillet)<\/li>\n<li>Bolognese sauce<\/li>\n<li>Hamburger dish<\/li>\n<\/ul>\n<\/div>\n<\/div>\n<div class=\"post menu-entry\">\n<div class=\"menu-entry-wrap\">\n<div class=\"text-center\">\n<h2>Pasta &amp; Risotto<\/h2>\n<div class=\"h2-decoration\">&nbsp;<\/div>\n<\/div>\n<ul>\n<li>Shrimp Risotto and Coriander<\/li>\n<li>Mushroom Risotto With White Truffle Oil<\/li>\n<li>Chef&#8217;s Style Lasagne<\/li>\n<li>Tagliatelle \u00e0 Chefe (Bacon \/ Fresh Mushrooms \/ Tomato \/ Basil)<\/li>\n<li>Vegetarian dish (chef&#8217;s suggestion)<\/li>\n<\/ul>\n<\/div>\n<\/div>\n<div class=\"post menu-entry\">\n<div class=\"menu-entry-wrap\">\n<div class=\"text-center\">\n<h2>Dessert<\/h2>\n<div class=\"h2-decoration\">&nbsp;<\/div>\n<\/div>\n<ul>\n<li>Homemade Apple Pie with Vanilla Ice Cream<\/li>\n<li>Chocolate mousse<\/li>\n<li>Passion Fruit Cassata<\/li>\n<li>Cr\u00e8me br\u00fbl\u00e9e<\/li>\n<li>Homemade Caramel Pudding<\/li>\n<li>Fruit Roulade Taberna Style<\/li>\n<li>Italian Cheesecake (Madeiran Banana with Chocolate)<\/li>\n<li>Cheesecake Taberna Style<\/li>\n<li>Dessert of the Day<\/li>\n<li>Cheese and Dried Fruits Dish<\/li>\n<li>Fruit of the season<\/li>\n<li>Mixed Season Fruit<\/li>\n<li>Scoop of Ice scream<\/li>\n<\/ul>\n<\/div>\n<\/div>\n<div class=\"post menu-entry\">\n<div class=\"menu-entry-wrap\">\n<div class=\"text-center\">\n<h2>Snacks<\/h2>\n<div class=\"h2-decoration\">&nbsp;<\/div>\n<\/div>\n<ul>\n<li>Caco cake with garlic butter<\/li>\n<li>Tenderloin Taberna Style<\/li>\n<li>Swordfish fillet Taberna Style<\/li>\n<li>Chicken steak sandwich Taberna Style<\/li>\n<li>Simple Omelette<\/li>\n<li>Omelette 2 Stuffings (Ham \/ Cheese \/ Onion \/ Mushrooms \/ Tomato)<\/li>\n<li>Sardines (braised) (with baked potatoes and Salad)<\/li>\n<li>Chopped Chicken Shrimp<\/li>\n<li>Spaghetti Bolognese<\/li>\n<li>Chef&#8217;s Style Lasagne<\/li>\n<li>Linguini \u00e0 Chefe (Bacon \/ Fresh Mushrooms \/ Tomato \/ Basil)<\/li>\n<li>Prawn Salad<\/li>\n<li>Caprese Salad \u00e0 la Taberna Ruel<\/li>\n<li>Caesar salad<\/li>\n<li>Greek Salad<\/li>\n<\/ul>\n<\/div>\n<\/div>\n<\/div>\n<\/div>\n<\/div>\n<\/div>\n","protected":false},"excerpt":{"rendered":"<p>Soups &nbsp; Tomato and Onion Soup with Eggs (Homemade) Prawn Bisque with Crouton Homemade Chestnut Cream with Fresh Cheese Foam (or without) Fish Soup (Homemade) Soup of the Day Entr\u00e9e &nbsp; Caco cake with garlic butter Grilled limpets Grilled Mussels Marinated Sword Carpaccio Vinaigrette Octopus Saut\u00e9ed Shrimp with Garlic and Herbs (and lemon juice) Prawn &hellip; <a href=\"https:\/\/tabernaruel.com\/en\/menu\/\">Continued<\/a><\/p>\n","protected":false},"author":1,"featured_media":122,"parent":0,"menu_order":0,"comment_status":"closed","ping_status":"closed","template":"","meta":{"footnotes":""},"class_list":["post-90","page","type-page","status-publish","has-post-thumbnail","hentry"],"yoast_head":"<!-- This site is optimized with the Yoast SEO plugin v27.3 - https:\/\/yoast.com\/product\/yoast-seo-wordpress\/ -->\n<title>Menu - Restaurant Taberna Ruel<\/title>\n<meta name=\"description\" content=\"Fresh fish carefully selected, seafood or high quality meat. Enjoy our tasty traditional barbecue at beautiful Funchal Old Town restaurant Taberna Ruel.\" \/>\n<meta name=\"robots\" content=\"index, follow, max-snippet:-1, max-image-preview:large, max-video-preview:-1\" \/>\n<link rel=\"canonical\" href=\"https:\/\/tabernaruel.com\/en\/menu\/\" \/>\n<meta property=\"og:locale\" content=\"en_US\" \/>\n<meta property=\"og:type\" content=\"article\" \/>\n<meta property=\"og:title\" content=\"Menu - Restaurant Taberna Ruel\" \/>\n<meta property=\"og:description\" content=\"Fresh fish carefully selected, seafood or high quality meat. Enjoy our tasty traditional barbecue at beautiful Funchal Old Town restaurant Taberna Ruel.\" \/>\n<meta property=\"og:url\" content=\"https:\/\/tabernaruel.com\/en\/menu\/\" \/>\n<meta property=\"og:site_name\" content=\"Taberna Ruel\" \/>\n<meta property=\"article:modified_time\" content=\"2019-05-27T17:39:07+00:00\" \/>\n<meta property=\"og:image\" content=\"https:\/\/tabernaruel.com\/wp-content\/uploads\/2015\/09\/taberna-da-esquina-menu-featured-image.jpg\" \/>\n\t<meta property=\"og:image:width\" content=\"1200\" \/>\n\t<meta property=\"og:image:height\" content=\"630\" \/>\n\t<meta property=\"og:image:type\" content=\"image\/jpeg\" \/>\n<meta name=\"twitter:card\" content=\"summary_large_image\" \/>\n<meta name=\"twitter:label1\" content=\"Est. reading time\" \/>\n\t<meta name=\"twitter:data1\" content=\"2 minutes\" \/>\n<script type=\"application\/ld+json\" class=\"yoast-schema-graph\">{\"@context\":\"https:\\\/\\\/schema.org\",\"@graph\":[{\"@type\":\"WebPage\",\"@id\":\"https:\\\/\\\/tabernaruel.com\\\/en\\\/menu\\\/\",\"url\":\"https:\\\/\\\/tabernaruel.com\\\/en\\\/menu\\\/\",\"name\":\"Menu - Restaurant Taberna Ruel\",\"isPartOf\":{\"@id\":\"https:\\\/\\\/tabernaruel.com\\\/en\\\/#website\"},\"primaryImageOfPage\":{\"@id\":\"https:\\\/\\\/tabernaruel.com\\\/en\\\/menu\\\/#primaryimage\"},\"image\":{\"@id\":\"https:\\\/\\\/tabernaruel.com\\\/en\\\/menu\\\/#primaryimage\"},\"thumbnailUrl\":\"https:\\\/\\\/tabernaruel.com\\\/wp-content\\\/uploads\\\/2015\\\/09\\\/taberna-da-esquina-menu-featured-image.jpg\",\"datePublished\":\"2015-09-28T16:27:55+00:00\",\"dateModified\":\"2019-05-27T17:39:07+00:00\",\"description\":\"Fresh fish carefully selected, seafood or high quality meat. Enjoy our tasty traditional barbecue at beautiful Funchal Old Town restaurant Taberna Ruel.\",\"breadcrumb\":{\"@id\":\"https:\\\/\\\/tabernaruel.com\\\/en\\\/menu\\\/#breadcrumb\"},\"inLanguage\":\"en-US\",\"potentialAction\":[{\"@type\":\"ReadAction\",\"target\":[\"https:\\\/\\\/tabernaruel.com\\\/en\\\/menu\\\/\"]}]},{\"@type\":\"ImageObject\",\"inLanguage\":\"en-US\",\"@id\":\"https:\\\/\\\/tabernaruel.com\\\/en\\\/menu\\\/#primaryimage\",\"url\":\"https:\\\/\\\/tabernaruel.com\\\/wp-content\\\/uploads\\\/2015\\\/09\\\/taberna-da-esquina-menu-featured-image.jpg\",\"contentUrl\":\"https:\\\/\\\/tabernaruel.com\\\/wp-content\\\/uploads\\\/2015\\\/09\\\/taberna-da-esquina-menu-featured-image.jpg\",\"width\":1200,\"height\":630},{\"@type\":\"BreadcrumbList\",\"@id\":\"https:\\\/\\\/tabernaruel.com\\\/en\\\/menu\\\/#breadcrumb\",\"itemListElement\":[{\"@type\":\"ListItem\",\"position\":1,\"name\":\"Home\",\"item\":\"https:\\\/\\\/tabernaruel.com\\\/en\\\/\"},{\"@type\":\"ListItem\",\"position\":2,\"name\":\"Menu\"}]},{\"@type\":\"WebSite\",\"@id\":\"https:\\\/\\\/tabernaruel.com\\\/en\\\/#website\",\"url\":\"https:\\\/\\\/tabernaruel.com\\\/en\\\/\",\"name\":\"Taberna Ruel\",\"description\":\"Restaurante Taberna Ruel\",\"potentialAction\":[{\"@type\":\"SearchAction\",\"target\":{\"@type\":\"EntryPoint\",\"urlTemplate\":\"https:\\\/\\\/tabernaruel.com\\\/en\\\/?s={search_term_string}\"},\"query-input\":{\"@type\":\"PropertyValueSpecification\",\"valueRequired\":true,\"valueName\":\"search_term_string\"}}],\"inLanguage\":\"en-US\"}]}<\/script>\n<!-- \/ Yoast SEO plugin. -->","yoast_head_json":{"title":"Menu - Restaurant Taberna Ruel","description":"Fresh fish carefully selected, seafood or high quality meat. Enjoy our tasty traditional barbecue at beautiful Funchal Old Town restaurant Taberna Ruel.","robots":{"index":"index","follow":"follow","max-snippet":"max-snippet:-1","max-image-preview":"max-image-preview:large","max-video-preview":"max-video-preview:-1"},"canonical":"https:\/\/tabernaruel.com\/en\/menu\/","og_locale":"en_US","og_type":"article","og_title":"Menu - Restaurant Taberna Ruel","og_description":"Fresh fish carefully selected, seafood or high quality meat. Enjoy our tasty traditional barbecue at beautiful Funchal Old Town restaurant Taberna Ruel.","og_url":"https:\/\/tabernaruel.com\/en\/menu\/","og_site_name":"Taberna Ruel","article_modified_time":"2019-05-27T17:39:07+00:00","og_image":[{"width":1200,"height":630,"url":"https:\/\/tabernaruel.com\/wp-content\/uploads\/2015\/09\/taberna-da-esquina-menu-featured-image.jpg","type":"image\/jpeg"}],"twitter_card":"summary_large_image","twitter_misc":{"Est. reading time":"2 minutes"},"schema":{"@context":"https:\/\/schema.org","@graph":[{"@type":"WebPage","@id":"https:\/\/tabernaruel.com\/en\/menu\/","url":"https:\/\/tabernaruel.com\/en\/menu\/","name":"Menu - Restaurant Taberna Ruel","isPartOf":{"@id":"https:\/\/tabernaruel.com\/en\/#website"},"primaryImageOfPage":{"@id":"https:\/\/tabernaruel.com\/en\/menu\/#primaryimage"},"image":{"@id":"https:\/\/tabernaruel.com\/en\/menu\/#primaryimage"},"thumbnailUrl":"https:\/\/tabernaruel.com\/wp-content\/uploads\/2015\/09\/taberna-da-esquina-menu-featured-image.jpg","datePublished":"2015-09-28T16:27:55+00:00","dateModified":"2019-05-27T17:39:07+00:00","description":"Fresh fish carefully selected, seafood or high quality meat. Enjoy our tasty traditional barbecue at beautiful Funchal Old Town restaurant Taberna Ruel.","breadcrumb":{"@id":"https:\/\/tabernaruel.com\/en\/menu\/#breadcrumb"},"inLanguage":"en-US","potentialAction":[{"@type":"ReadAction","target":["https:\/\/tabernaruel.com\/en\/menu\/"]}]},{"@type":"ImageObject","inLanguage":"en-US","@id":"https:\/\/tabernaruel.com\/en\/menu\/#primaryimage","url":"https:\/\/tabernaruel.com\/wp-content\/uploads\/2015\/09\/taberna-da-esquina-menu-featured-image.jpg","contentUrl":"https:\/\/tabernaruel.com\/wp-content\/uploads\/2015\/09\/taberna-da-esquina-menu-featured-image.jpg","width":1200,"height":630},{"@type":"BreadcrumbList","@id":"https:\/\/tabernaruel.com\/en\/menu\/#breadcrumb","itemListElement":[{"@type":"ListItem","position":1,"name":"Home","item":"https:\/\/tabernaruel.com\/en\/"},{"@type":"ListItem","position":2,"name":"Menu"}]},{"@type":"WebSite","@id":"https:\/\/tabernaruel.com\/en\/#website","url":"https:\/\/tabernaruel.com\/en\/","name":"Taberna Ruel","description":"Restaurante Taberna Ruel","potentialAction":[{"@type":"SearchAction","target":{"@type":"EntryPoint","urlTemplate":"https:\/\/tabernaruel.com\/en\/?s={search_term_string}"},"query-input":{"@type":"PropertyValueSpecification","valueRequired":true,"valueName":"search_term_string"}}],"inLanguage":"en-US"}]}},"_links":{"self":[{"href":"https:\/\/tabernaruel.com\/en\/wp-json\/wp\/v2\/pages\/90","targetHints":{"allow":["GET"]}}],"collection":[{"href":"https:\/\/tabernaruel.com\/en\/wp-json\/wp\/v2\/pages"}],"about":[{"href":"https:\/\/tabernaruel.com\/en\/wp-json\/wp\/v2\/types\/page"}],"author":[{"embeddable":true,"href":"https:\/\/tabernaruel.com\/en\/wp-json\/wp\/v2\/users\/1"}],"replies":[{"embeddable":true,"href":"https:\/\/tabernaruel.com\/en\/wp-json\/wp\/v2\/comments?post=90"}],"version-history":[{"count":0,"href":"https:\/\/tabernaruel.com\/en\/wp-json\/wp\/v2\/pages\/90\/revisions"}],"wp:featuredmedia":[{"embeddable":true,"href":"https:\/\/tabernaruel.com\/en\/wp-json\/wp\/v2\/media\/122"}],"wp:attachment":[{"href":"https:\/\/tabernaruel.com\/en\/wp-json\/wp\/v2\/media?parent=90"}],"curies":[{"name":"wp","href":"https:\/\/api.w.org\/{rel}","templated":true}]}}